{"id":452,"date":"2020-05-10T15:03:41","date_gmt":"2020-05-10T13:03:41","guid":{"rendered":"https:\/\/la-marmite-enchantee.fr\/?post_type=product&#038;p=452"},"modified":"2025-03-16T13:34:24","modified_gmt":"2025-03-16T12:34:24","slug":"eau-petillante","status":"publish","type":"product","link":"http:\/\/la-marmite-enchantee.fr\/index.php\/produit\/eau-petillante\/","title":{"rendered":"Eau p\u00e9tillante 50cl"},"content":{"rendered":"<p>San p\u00e9ll\u00e9grino<\/p>\n","protected":false},"excerpt":{"rendered":"<p>San p\u00e9ll\u00e9grino<\/p>\n","protected":false},"featured_media":672,"template":"","meta":[],"product_brand":[],"product_cat":[37],"product_tag":[],"class_list":{"0":"post-452","1":"product","2":"type-product","3":"status-publish","4":"has-post-thumbnail","6":"product_cat-nos-boissons","8":"first","9":"instock","10":"taxable","11":"shipping-taxable","12":"purchasable","13":"product-type-simple"},"_links":{"self":[{"href":"http:\/\/la-marmite-enchantee.fr\/index.php\/wp-json\/wp\/v2\/product\/452","targetHints":{"allow":["GET"]}}],"collection":[{"href":"http:\/\/la-marmite-enchantee.fr\/index.php\/wp-json\/wp\/v2\/product"}],"about":[{"href":"http:\/\/la-marmite-enchantee.fr\/index.php\/wp-json\/wp\/v2\/types\/product"}],"version-history":[{"count":4,"href":"http:\/\/la-marmite-enchantee.fr\/index.php\/wp-json\/wp\/v2\/product\/452\/revisions"}],"predecessor-version":[{"id":1591,"href":"http:\/\/la-marmite-enchantee.fr\/index.php\/wp-json\/wp\/v2\/product\/452\/revisions\/1591"}],"wp:featuredmedia":[{"embeddable":true,"href":"http:\/\/la-marmite-enchantee.fr\/index.php\/wp-json\/wp\/v2\/media\/672"}],"wp:attachment":[{"href":"http:\/\/la-marmite-enchantee.fr\/index.php\/wp-json\/wp\/v2\/media?parent=452"}],"wp:term":[{"taxonomy":"product_brand","embeddable":true,"href":"http:\/\/la-marmite-enchantee.fr\/index.php\/wp-json\/wp\/v2\/product_brand?post=452"},{"taxonomy":"product_cat","embeddable":true,"href":"http:\/\/la-marmite-enchantee.fr\/index.php\/wp-json\/wp\/v2\/product_cat?post=452"},{"taxonomy":"product_tag","embeddable":true,"href":"http:\/\/la-marmite-enchantee.fr\/index.php\/wp-json\/wp\/v2\/product_tag?post=452"}],"curies":[{"name":"wp","href":"https:\/\/api.w.org\/{rel}","templated":true}]}}