{"id":508,"date":"2020-05-11T20:58:30","date_gmt":"2020-05-11T18:58:30","guid":{"rendered":"https:\/\/la-marmite-enchantee.fr\/?page_id=508"},"modified":"2020-05-11T21:26:59","modified_gmt":"2020-05-11T19:26:59","slug":"mentions-legales","status":"publish","type":"page","link":"https:\/\/la-marmite-enchantee.fr\/index.php\/mentions-legales\/","title":{"rendered":"Mentions l\u00e9gales"},"content":{"rendered":"\n<div class=\"wp-block-group\"><div class=\"wp-block-group__inner-container is-layout-flow wp-block-group-is-layout-flow\">\n<p>1. SIEGE SOCIAL\n<br\/>  \n<br\/>La marmite enchant\u00e9e\n<br\/>20 route de gourdon\n<br\/>06740 Chateauneuf-Grasse\n<br\/>\n<br\/>Type juridique : SAS\n<br\/>Immatriculation au RCS : 831 700 018\n<br\/>Capital social : 1 000\u20ac\n<br\/>Directeur de la publication : MME Cecile BENZAKIN\n<br\/>\n <br\/>\n<br\/>2. CONCEPTION DU SITE\n<br\/> \n<br\/>BENZAKIN ERIC\n<br\/>\n<br\/>3. HEBERGEUR\n<br\/> \n<br\/>ONLINE.NET\n<br\/> \n<br\/>4. OBJET\n<br\/> \n<br\/>La pr\u00e9sente notice a pour objet de d\u00e9finir les modalit\u00e9s selon lesquelles la soci\u00e9t\u00e9 met \u00e0 la disposition des internautes le site Internet qu\u2019elle exploite \u00ab la-marmite-enchantee.fr \u00bb et les conditions selon lesquelles les internautes acc\u00e8dent et utilisent ce site Internet. Toute connexion au site la-marmite-enchantee.fr est subordonn\u00e9e au respect de la pr\u00e9sente notice l\u00e9gale que la soci\u00e9t\u00e9 se r\u00e9serve de modifier ou de mettre \u00e0 jour \u00e0 tout moment.\n<br\/> \n<br\/>5. INFORMATIONS D\u2019ORDRE TECHNIQUE\n <br\/>\n<br\/>Vous reconnaissez disposer de la comp\u00e9tence et des moyens n\u00e9cessaires pour acc\u00e9der \u00e0 ce Site et l\u2019utiliser, et avoir v\u00e9rifi\u00e9 que la configuration informatique utilis\u00e9e ne contient aucun virus et qu\u2019elle est en parfait \u00e9tat de fonctionnement. Le pr\u00e9sent site est accessible 24 heures sur 24 et 7 jours sur 7, \u00e0 l\u2019exception des cas de force majeure, difficult\u00e9s informatiques, difficult\u00e9s li\u00e9es \u00e0 la structure des r\u00e9seaux de communications ou difficult\u00e9s techniques. Pour des raisons de maintenance, la soci\u00e9t\u00e9 la marmite enchant\u00e9e pourrait interrompre le site et s\u2019efforcera de vous en avertir pr\u00e9alablement.\n <br\/>\n<br\/>6. DROITS DE PROPRIETE INTELLECTUELLE\n<br\/> \n<br\/>Les contenus (photos, vid\u00e9os, logos, marques, etc.) qui apparaissent ou sont disponibles sur ce site, sont prot\u00e9g\u00e9s au titre du droit d\u2019auteur et autres droits de propri\u00e9t\u00e9 intellectuelle et sont la propri\u00e9t\u00e9 exclusive de leurs \u00e9diteurs respectifs.\nToute copie, reproduction, r\u00e9\u00e9dition, redistribution ou repr\u00e9sentation int\u00e9grale ou partielle, du contenu du site par quelque moyen que ce soit, sans l\u2019autorisation expresse et pr\u00e9alable de leur propri\u00e9taire est illicite.\n<br\/>\n<br\/>7. LIMITATION DE RESPONSABILITE\n<br\/>  Les documents et informations diffus\u00e9s sur ce site sont fournis \u00ab en l\u2019\u00e9tat \u00bb sans aucune garantie expresse ou tacite de quelque sorte que ce soit. La soci\u00e9t\u00e9 la marmite enchant\u00e9e se r\u00e9serve le droit de modifier ou de corriger le contenu de son site \u00e0 tout moment, sans pr\u00e9avis. Celle-ci ne pourra \u00eatre tenu pour responsable en cas de contamination des mat\u00e9riels informatiques des internautes r\u00e9sultant de la propagation d\u2019un virus ou autres infections informatiques. Les photographies et les textes reproduits sur le site \u00ab la-marmite-enchantee.fr \u00bb  le sont \u00e0 titre purement indicatif et ne sauraient avoir une valeur contractuelle. La responsabilit\u00e9 de la soci\u00e9t\u00e9 ne saurait \u00eatre engag\u00e9e si une erreur s\u2019est gliss\u00e9e dans l\u2019une de ces photographies ou l\u2019un de ces textes.\n<br\/> \n<br\/>8. INFORMATIQUE ET LIBERT\u00c9S\n<br\/> \n<br\/>Les donn\u00e9es personnelles sont enregistr\u00e9es dans le cadre de la gestion de commande, de suivi et de relation client, d\u2019op\u00e9ration commerciales et promotionnelles de la marmite enchant\u00e9e. Ces donn\u00e9es lui sont r\u00e9serv\u00e9es.\nConform\u00e9ment aux articles 38 et suivants de la loi n\u00b0 78-17 du 6 janvier 1978 modifi\u00e9e, toute personne peut obtenir communication et, le cas \u00e9ch\u00e9ant, rectification ou suppression des informations la concernant, en s\u2019adressant au service client de la marmite enchant\u00e9e 20 route de gourdon 06740 Chateauneuf-Grasse\n<\/p>\n<\/div><\/div>\n","protected":false},"excerpt":{"rendered":"<p>1. SIEGE SOCIAL La marmite enchant\u00e9e 20 route de gourdon 06740 Chateauneuf-Grasse Type juridique : SAS Immatriculation au RCS :&hellip;<\/p>\n","protected":false},"author":1,"featured_media":0,"parent":0,"menu_order":0,"comment_status":"closed","ping_status":"closed","template":"","meta":{"footnotes":""},"class_list":["post-508","page","type-page","status-publish","hentry"],"_links":{"self":[{"href":"https:\/\/la-marmite-enchantee.fr\/index.php\/wp-json\/wp\/v2\/pages\/508","targetHints":{"allow":["GET"]}}],"collection":[{"href":"https:\/\/la-marmite-enchantee.fr\/index.php\/wp-json\/wp\/v2\/pages"}],"about":[{"href":"https:\/\/la-marmite-enchantee.fr\/index.php\/wp-json\/wp\/v2\/types\/page"}],"author":[{"embeddable":true,"href":"https:\/\/la-marmite-enchantee.fr\/index.php\/wp-json\/wp\/v2\/users\/1"}],"replies":[{"embeddable":true,"href":"https:\/\/la-marmite-enchantee.fr\/index.php\/wp-json\/wp\/v2\/comments?post=508"}],"version-history":[{"count":6,"href":"https:\/\/la-marmite-enchantee.fr\/index.php\/wp-json\/wp\/v2\/pages\/508\/revisions"}],"predecessor-version":[{"id":525,"href":"https:\/\/la-marmite-enchantee.fr\/index.php\/wp-json\/wp\/v2\/pages\/508\/revisions\/525"}],"wp:attachment":[{"href":"https:\/\/la-marmite-enchantee.fr\/index.php\/wp-json\/wp\/v2\/media?parent=508"}],"curies":[{"name":"wp","href":"https:\/\/api.w.org\/{rel}","templated":true}]}}