{"id":1331,"date":"2023-05-15T23:46:47","date_gmt":"2023-05-15T21:46:47","guid":{"rendered":"https:\/\/la-marmite-enchantee.fr\/?post_type=product&#038;p=1331"},"modified":"2025-03-16T13:23:07","modified_gmt":"2025-03-16T12:23:07","slug":"mini-assiette-flexi","status":"publish","type":"product","link":"https:\/\/la-marmite-enchantee.fr\/index.php\/produit\/mini-assiette-flexi\/","title":{"rendered":"Assiette d\u00e9couverte (10 pi\u00e8ces) ou \u00e0 partager"},"content":{"rendered":"<p>2 nems au porc + 1 samossa ch\u00e8vre + 1 samossa boeuf + 2 accras + 1 gyoza l\u00e9gumes  + 1 gyoza poulet + 2 calamars <\/p>\n","protected":false},"excerpt":{"rendered":"<p>2 nems au porc + 1 samossa ch\u00e8vre + 1 samossa boeuf + 2 accras + 1 gyoza l\u00e9gumes +&hellip;<\/p>\n","protected":false},"featured_media":155,"template":"","meta":[],"product_brand":[],"product_cat":[39,36],"product_tag":[],"class_list":{"0":"post-1331","1":"product","2":"type-product","3":"status-publish","4":"has-post-thumbnail","6":"product_cat-a-la-carte","7":"product_cat-nos-assortiments-asiatiques","9":"first","10":"instock","11":"featured","12":"taxable","13":"shipping-taxable","14":"purchasable","15":"product-type-simple"},"_links":{"self":[{"href":"https:\/\/la-marmite-enchantee.fr\/index.php\/wp-json\/wp\/v2\/product\/1331","targetHints":{"allow":["GET"]}}],"collection":[{"href":"https:\/\/la-marmite-enchantee.fr\/index.php\/wp-json\/wp\/v2\/product"}],"about":[{"href":"https:\/\/la-marmite-enchantee.fr\/index.php\/wp-json\/wp\/v2\/types\/product"}],"version-history":[{"count":4,"href":"https:\/\/la-marmite-enchantee.fr\/index.php\/wp-json\/wp\/v2\/product\/1331\/revisions"}],"predecessor-version":[{"id":1576,"href":"https:\/\/la-marmite-enchantee.fr\/index.php\/wp-json\/wp\/v2\/product\/1331\/revisions\/1576"}],"wp:featuredmedia":[{"embeddable":true,"href":"https:\/\/la-marmite-enchantee.fr\/index.php\/wp-json\/wp\/v2\/media\/155"}],"wp:attachment":[{"href":"https:\/\/la-marmite-enchantee.fr\/index.php\/wp-json\/wp\/v2\/media?parent=1331"}],"wp:term":[{"taxonomy":"product_brand","embeddable":true,"href":"https:\/\/la-marmite-enchantee.fr\/index.php\/wp-json\/wp\/v2\/product_brand?post=1331"},{"taxonomy":"product_cat","embeddable":true,"href":"https:\/\/la-marmite-enchantee.fr\/index.php\/wp-json\/wp\/v2\/product_cat?post=1331"},{"taxonomy":"product_tag","embeddable":true,"href":"https:\/\/la-marmite-enchantee.fr\/index.php\/wp-json\/wp\/v2\/product_tag?post=1331"}],"curies":[{"name":"wp","href":"https:\/\/api.w.org\/{rel}","templated":true}]}}