{"id":194,"date":"2020-05-04T19:28:53","date_gmt":"2020-05-04T17:28:53","guid":{"rendered":"https:\/\/la-marmite-enchantee.fr\/?post_type=product&#038;p=194"},"modified":"2025-03-16T13:24:00","modified_gmt":"2025-03-16T12:24:00","slug":"lassiette-decouverte-ou-a-partager","status":"publish","type":"product","link":"https:\/\/la-marmite-enchantee.fr\/index.php\/produit\/lassiette-decouverte-ou-a-partager\/","title":{"rendered":"Assiette v\u00e9g\u00e9tarienne (10 pi\u00e8ces) ou \u00e0 partager"},"content":{"rendered":"<p>2 nems l\u00e9gumes + 1 samossa chevre + 1 samossa l\u00e9gume + 2 calamars + 2 gyozas l\u00e9gumes + 2 accras<\/p>\n","protected":false},"excerpt":{"rendered":"<p>2 nems l\u00e9gumes + 1 samossa chevre + 1 samossa l\u00e9gume + 2 calamars + 2 gyozas l\u00e9gumes + 2&hellip;<\/p>\n","protected":false},"featured_media":155,"template":"","meta":[],"product_brand":[],"product_cat":[39,36],"product_tag":[],"class_list":{"0":"post-194","1":"product","2":"type-product","3":"status-publish","4":"has-post-thumbnail","6":"product_cat-a-la-carte","7":"product_cat-nos-assortiments-asiatiques","9":"first","10":"instock","11":"featured","12":"taxable","13":"shipping-taxable","14":"purchasable","15":"product-type-simple"},"_links":{"self":[{"href":"https:\/\/la-marmite-enchantee.fr\/index.php\/wp-json\/wp\/v2\/product\/194","targetHints":{"allow":["GET"]}}],"collection":[{"href":"https:\/\/la-marmite-enchantee.fr\/index.php\/wp-json\/wp\/v2\/product"}],"about":[{"href":"https:\/\/la-marmite-enchantee.fr\/index.php\/wp-json\/wp\/v2\/types\/product"}],"version-history":[{"count":7,"href":"https:\/\/la-marmite-enchantee.fr\/index.php\/wp-json\/wp\/v2\/product\/194\/revisions"}],"predecessor-version":[{"id":1575,"href":"https:\/\/la-marmite-enchantee.fr\/index.php\/wp-json\/wp\/v2\/product\/194\/revisions\/1575"}],"wp:featuredmedia":[{"embeddable":true,"href":"https:\/\/la-marmite-enchantee.fr\/index.php\/wp-json\/wp\/v2\/media\/155"}],"wp:attachment":[{"href":"https:\/\/la-marmite-enchantee.fr\/index.php\/wp-json\/wp\/v2\/media?parent=194"}],"wp:term":[{"taxonomy":"product_brand","embeddable":true,"href":"https:\/\/la-marmite-enchantee.fr\/index.php\/wp-json\/wp\/v2\/product_brand?post=194"},{"taxonomy":"product_cat","embeddable":true,"href":"https:\/\/la-marmite-enchantee.fr\/index.php\/wp-json\/wp\/v2\/product_cat?post=194"},{"taxonomy":"product_tag","embeddable":true,"href":"https:\/\/la-marmite-enchantee.fr\/index.php\/wp-json\/wp\/v2\/product_tag?post=194"}],"curies":[{"name":"wp","href":"https:\/\/api.w.org\/{rel}","templated":true}]}}